{"id":257,"date":"2016-02-01T10:16:37","date_gmt":"2016-02-01T09:16:37","guid":{"rendered":"http:\/\/wp1182350.server-he.de\/shop-test\/bezahlmoeglichkeiten\/"},"modified":"2018-05-17T19:08:13","modified_gmt":"2018-05-17T17:08:13","slug":"bezahlmoeglichkeiten","status":"publish","type":"page","link":"https:\/\/www.kagami.de\/shop\/bezahlmoeglichkeiten\/","title":{"rendered":"Zahlungsarten"},"content":{"rendered":"<p>Die Zahlung erfolgt bei Bestellung der Ware. Sie k\u00f6nnen zwischen zwei Zahlungsarten w\u00e4hlen:<\/p>\n<p>&nbsp;<\/p>\n<p><strong>&#8211; Paypal:<\/strong> Voraussetzung f\u00fcr die Bezahlung mit PayPal ist ein PayPal-Konto. Dieses k\u00f6nnen Sie auch w\u00e4hrend des Bestellvorgangs er\u00f6ffnen. W\u00e4hlen Sie PayPal als Bezahlart aus, gelangen Sie automatisch auf die Seite von paypal.de, wo Sie die Bezahlung t\u00e4tigen k\u00f6nnen. Die Belastung Ihres PayPal-Kontos erfolgt mit Abschluss der Bestellung.<\/p>\n<p>&nbsp;<\/p>\n<p><strong>&#8211; Lastschrift:<\/strong> Bezahlen Sie bei uns bequem und sicher per Lastschriftverfahren. Die Belastung Ihres Kontos erfolgt mit dem Ausl\u00f6sen Ihrer Bestellung.<\/p>\n","protected":false},"excerpt":{"rendered":"<p>Die Zahlung erfolgt bei Bestellung der Ware. Sie k\u00f6nnen zwischen zwei Zahlungsarten w\u00e4hlen: &nbsp; &#8211; Paypal: Voraussetzung f\u00fcr die Bezahlung mit PayPal ist ein PayPal-Konto. Dieses k\u00f6nnen Sie auch w\u00e4hrend des Bestellvorgangs er\u00f6ffnen. W\u00e4hlen Sie PayPal als Bezahlart aus, gelangen Sie automatisch auf die Seite von paypal.de, wo Sie die Bezahlung t\u00e4tigen k\u00f6nnen. Die Belastung [&hellip;]<\/p>\n","protected":false},"author":1,"featured_media":0,"parent":0,"menu_order":32,"comment_status":"closed","ping_status":"closed","template":"","meta":{"footnotes":""},"class_list":["post-257","page","type-page","status-publish","hentry"],"yoast_head":"<!-- This site is optimized with the Yoast SEO plugin v26.8 - https:\/\/yoast.com\/product\/yoast-seo-wordpress\/ -->\n<title>Zahlungsarten - KAGAMI Shop<\/title>\n<meta name=\"robots\" content=\"index, follow, max-snippet:-1, max-image-preview:large, max-video-preview:-1\" \/>\n<link rel=\"canonical\" href=\"https:\/\/www.kagami.de\/shop\/bezahlmoeglichkeiten\/\" \/>\n<meta property=\"og:locale\" content=\"de_DE\" \/>\n<meta property=\"og:type\" content=\"article\" \/>\n<meta property=\"og:title\" content=\"Zahlungsarten - KAGAMI Shop\" \/>\n<meta property=\"og:description\" content=\"Die Zahlung erfolgt bei Bestellung der Ware. Sie k\u00f6nnen zwischen zwei Zahlungsarten w\u00e4hlen: &nbsp; &#8211; Paypal: Voraussetzung f\u00fcr die Bezahlung mit PayPal ist ein PayPal-Konto. Dieses k\u00f6nnen Sie auch w\u00e4hrend des Bestellvorgangs er\u00f6ffnen. W\u00e4hlen Sie PayPal als Bezahlart aus, gelangen Sie automatisch auf die Seite von paypal.de, wo Sie die Bezahlung t\u00e4tigen k\u00f6nnen. Die Belastung [&hellip;]\" \/>\n<meta property=\"og:url\" content=\"https:\/\/www.kagami.de\/shop\/bezahlmoeglichkeiten\/\" \/>\n<meta property=\"og:site_name\" content=\"KAGAMI Shop\" \/>\n<meta property=\"article:publisher\" content=\"https:\/\/www.facebook.com\/groups\/994650780628865\" \/>\n<meta property=\"article:modified_time\" content=\"2018-05-17T17:08:13+00:00\" \/>\n<meta name=\"twitter:card\" content=\"summary_large_image\" \/>\n<script type=\"application\/ld+json\" class=\"yoast-schema-graph\">{\"@context\":\"https:\/\/schema.org\",\"@graph\":[{\"@type\":\"WebPage\",\"@id\":\"https:\/\/www.kagami.de\/shop\/bezahlmoeglichkeiten\/\",\"url\":\"https:\/\/www.kagami.de\/shop\/bezahlmoeglichkeiten\/\",\"name\":\"Zahlungsarten - KAGAMI Shop\",\"isPartOf\":{\"@id\":\"https:\/\/www.kagami.de\/shop\/#website\"},\"datePublished\":\"2016-02-01T09:16:37+00:00\",\"dateModified\":\"2018-05-17T17:08:13+00:00\",\"breadcrumb\":{\"@id\":\"https:\/\/www.kagami.de\/shop\/bezahlmoeglichkeiten\/#breadcrumb\"},\"inLanguage\":\"de\",\"potentialAction\":[{\"@type\":\"ReadAction\",\"target\":[\"https:\/\/www.kagami.de\/shop\/bezahlmoeglichkeiten\/\"]}]},{\"@type\":\"BreadcrumbList\",\"@id\":\"https:\/\/www.kagami.de\/shop\/bezahlmoeglichkeiten\/#breadcrumb\",\"itemListElement\":[{\"@type\":\"ListItem\",\"position\":1,\"name\":\"Home\",\"item\":\"https:\/\/www.kagami.de\/shop\/home\/\"},{\"@type\":\"ListItem\",\"position\":2,\"name\":\"Zahlungsarten\"}]},{\"@type\":\"WebSite\",\"@id\":\"https:\/\/www.kagami.de\/shop\/#website\",\"url\":\"https:\/\/www.kagami.de\/shop\/\",\"name\":\"KAGAMI Shop\",\"description\":\"KAGAMI Shop\",\"publisher\":{\"@id\":\"https:\/\/www.kagami.de\/shop\/#organization\"},\"potentialAction\":[{\"@type\":\"SearchAction\",\"target\":{\"@type\":\"EntryPoint\",\"urlTemplate\":\"https:\/\/www.kagami.de\/shop\/?s={search_term_string}\"},\"query-input\":{\"@type\":\"PropertyValueSpecification\",\"valueRequired\":true,\"valueName\":\"search_term_string\"}}],\"inLanguage\":\"de\"},{\"@type\":\"Organization\",\"@id\":\"https:\/\/www.kagami.de\/shop\/#organization\",\"name\":\"KAGAMI Golf - Shop & Leadership Academies\",\"url\":\"https:\/\/www.kagami.de\/shop\/\",\"logo\":{\"@type\":\"ImageObject\",\"inLanguage\":\"de\",\"@id\":\"https:\/\/www.kagami.de\/shop\/#\/schema\/logo\/image\/\",\"url\":\"https:\/\/www.kagami.de\/shop\/wp-content\/uploads\/sites\/8\/2016\/06\/logo_kagami_golf_shop.jpg\",\"contentUrl\":\"https:\/\/www.kagami.de\/shop\/wp-content\/uploads\/sites\/8\/2016\/06\/logo_kagami_golf_shop.jpg\",\"width\":390,\"height\":122,\"caption\":\"KAGAMI Golf - Shop & Leadership Academies\"},\"image\":{\"@id\":\"https:\/\/www.kagami.de\/shop\/#\/schema\/logo\/image\/\"},\"sameAs\":[\"https:\/\/www.facebook.com\/groups\/994650780628865\"]}]}<\/script>\n<!-- \/ Yoast SEO plugin. -->","yoast_head_json":{"title":"Zahlungsarten - KAGAMI Shop","robots":{"index":"index","follow":"follow","max-snippet":"max-snippet:-1","max-image-preview":"max-image-preview:large","max-video-preview":"max-video-preview:-1"},"canonical":"https:\/\/www.kagami.de\/shop\/bezahlmoeglichkeiten\/","og_locale":"de_DE","og_type":"article","og_title":"Zahlungsarten - KAGAMI Shop","og_description":"Die Zahlung erfolgt bei Bestellung der Ware. Sie k\u00f6nnen zwischen zwei Zahlungsarten w\u00e4hlen: &nbsp; &#8211; Paypal: Voraussetzung f\u00fcr die Bezahlung mit PayPal ist ein PayPal-Konto. Dieses k\u00f6nnen Sie auch w\u00e4hrend des Bestellvorgangs er\u00f6ffnen. W\u00e4hlen Sie PayPal als Bezahlart aus, gelangen Sie automatisch auf die Seite von paypal.de, wo Sie die Bezahlung t\u00e4tigen k\u00f6nnen. Die Belastung [&hellip;]","og_url":"https:\/\/www.kagami.de\/shop\/bezahlmoeglichkeiten\/","og_site_name":"KAGAMI Shop","article_publisher":"https:\/\/www.facebook.com\/groups\/994650780628865","article_modified_time":"2018-05-17T17:08:13+00:00","twitter_card":"summary_large_image","schema":{"@context":"https:\/\/schema.org","@graph":[{"@type":"WebPage","@id":"https:\/\/www.kagami.de\/shop\/bezahlmoeglichkeiten\/","url":"https:\/\/www.kagami.de\/shop\/bezahlmoeglichkeiten\/","name":"Zahlungsarten - KAGAMI Shop","isPartOf":{"@id":"https:\/\/www.kagami.de\/shop\/#website"},"datePublished":"2016-02-01T09:16:37+00:00","dateModified":"2018-05-17T17:08:13+00:00","breadcrumb":{"@id":"https:\/\/www.kagami.de\/shop\/bezahlmoeglichkeiten\/#breadcrumb"},"inLanguage":"de","potentialAction":[{"@type":"ReadAction","target":["https:\/\/www.kagami.de\/shop\/bezahlmoeglichkeiten\/"]}]},{"@type":"BreadcrumbList","@id":"https:\/\/www.kagami.de\/shop\/bezahlmoeglichkeiten\/#breadcrumb","itemListElement":[{"@type":"ListItem","position":1,"name":"Home","item":"https:\/\/www.kagami.de\/shop\/home\/"},{"@type":"ListItem","position":2,"name":"Zahlungsarten"}]},{"@type":"WebSite","@id":"https:\/\/www.kagami.de\/shop\/#website","url":"https:\/\/www.kagami.de\/shop\/","name":"KAGAMI Shop","description":"KAGAMI Shop","publisher":{"@id":"https:\/\/www.kagami.de\/shop\/#organization"},"potentialAction":[{"@type":"SearchAction","target":{"@type":"EntryPoint","urlTemplate":"https:\/\/www.kagami.de\/shop\/?s={search_term_string}"},"query-input":{"@type":"PropertyValueSpecification","valueRequired":true,"valueName":"search_term_string"}}],"inLanguage":"de"},{"@type":"Organization","@id":"https:\/\/www.kagami.de\/shop\/#organization","name":"KAGAMI Golf - Shop & Leadership Academies","url":"https:\/\/www.kagami.de\/shop\/","logo":{"@type":"ImageObject","inLanguage":"de","@id":"https:\/\/www.kagami.de\/shop\/#\/schema\/logo\/image\/","url":"https:\/\/www.kagami.de\/shop\/wp-content\/uploads\/sites\/8\/2016\/06\/logo_kagami_golf_shop.jpg","contentUrl":"https:\/\/www.kagami.de\/shop\/wp-content\/uploads\/sites\/8\/2016\/06\/logo_kagami_golf_shop.jpg","width":390,"height":122,"caption":"KAGAMI Golf - Shop & Leadership Academies"},"image":{"@id":"https:\/\/www.kagami.de\/shop\/#\/schema\/logo\/image\/"},"sameAs":["https:\/\/www.facebook.com\/groups\/994650780628865"]}]}},"_links":{"self":[{"href":"https:\/\/www.kagami.de\/shop\/wp-json\/wp\/v2\/pages\/257","targetHints":{"allow":["GET"]}}],"collection":[{"href":"https:\/\/www.kagami.de\/shop\/wp-json\/wp\/v2\/pages"}],"about":[{"href":"https:\/\/www.kagami.de\/shop\/wp-json\/wp\/v2\/types\/page"}],"author":[{"embeddable":true,"href":"https:\/\/www.kagami.de\/shop\/wp-json\/wp\/v2\/users\/1"}],"replies":[{"embeddable":true,"href":"https:\/\/www.kagami.de\/shop\/wp-json\/wp\/v2\/comments?post=257"}],"version-history":[{"count":4,"href":"https:\/\/www.kagami.de\/shop\/wp-json\/wp\/v2\/pages\/257\/revisions"}],"predecessor-version":[{"id":38505,"href":"https:\/\/www.kagami.de\/shop\/wp-json\/wp\/v2\/pages\/257\/revisions\/38505"}],"wp:attachment":[{"href":"https:\/\/www.kagami.de\/shop\/wp-json\/wp\/v2\/media?parent=257"}],"curies":[{"name":"wp","href":"https:\/\/api.w.org\/{rel}","templated":true}]}}