{"id":251,"date":"2016-02-01T10:15:27","date_gmt":"2016-02-01T09:15:27","guid":{"rendered":"http:\/\/wp1182350.server-he.de\/shop-test\/?page_id=2"},"modified":"2023-06-29T17:28:42","modified_gmt":"2023-06-29T15:28:42","slug":"home","status":"publish","type":"page","link":"https:\/\/www.kagami.de\/shop\/","title":{"rendered":"Home"},"content":{"rendered":"\n<style type=\"text\/css\" data-created_by=\"avia_inline_auto\" id=\"style-css-av-2qt8dn-f647fa3d919111a141dadf52849ed7f4\">\n.flex_column.av-2qt8dn-f647fa3d919111a141dadf52849ed7f4{\nborder-radius:0px 0px 0px 0px;\npadding:0px 0px 0px 0px;\n}\n<\/style>\n<div  class='flex_column av-2qt8dn-f647fa3d919111a141dadf52849ed7f4 av_three_fifth  avia-builder-el-0  el_before_av_one_fifth  avia-builder-el-first  first flex_column_div av-zero-column-padding  '     ><section  class='av_textblock_section av-2j6h6b-4c20f99395e09b71e609afdf74bf1fef '   itemscope=\"itemscope\" itemtype=\"https:\/\/schema.org\/CreativeWork\" ><div class='avia_textblock'  itemprop=\"text\" ><h1>Was ist KAGAMI Golf?<\/h1>\n<p>Die KAGAMI Methode macht Sie zum besseren Golfer \u2013 und das innerhalb k\u00fcrzester Zeit. Tausende Kursteilnehmer und zehntausende Leser des KAGAMI Buches von Sabana Crowcroft k\u00f6nnen dies best\u00e4tigen. Die ehemalige PGA European-Tour-Spielerin entwickelte diese einzigartige Methode.<\/p>\n<p>Die KAGAMI Lernmethode &#8211; ein Zusammenspiel mentaler und k\u00f6rperlicher Aspekte des Golfspiels &#8211; fordert grundlegende \u00dcberzeugungen heraus. Der Ansatz des &#8222;Golfcoachings ohne Anweisungen&#8220; leitet eine Paradigmenwechsel in der Golfsport, welches immer mehr Akzeptanz findet.<\/p>\n<p>Seither findet KAGAMI aufgrund der Quantenspr\u00fcnge vieler Kursteilnehmer in ihrem Spiel immer gr\u00f6\u00dfere Verbreitung, mit drei KAGAMI Golf Academies und zwei lizenzierte KAGAMI Trainer in Deutschland.<\/p>\n<h2>Mentales und technisches Golftraining \u2013 in einer Lernmethode!<\/h2>\n<p>KAGAMI basiert auf wissenschaftlichen Erkenntnissen \u00fcber die Zusammenarbeit von Gehirn und K\u00f6rper. Der Ansatz ist einzigartig und hilft Ihnen dabei, Ihr Potenzial sowohl auf technischer als auch mentaler Ebene voll auszusch\u00f6pfen.<\/p>\n<\/div><\/section><\/div>\n\n<style type=\"text\/css\" data-created_by=\"avia_inline_auto\" id=\"style-css-av-2frq6z-0cca373c10782cbfb29345f92f50176f\">\n.flex_column.av-2frq6z-0cca373c10782cbfb29345f92f50176f{\nborder-radius:0px 0px 0px 0px;\npadding:0px 0px 0px 0px;\n}\n<\/style>\n<div  class='flex_column av-2frq6z-0cca373c10782cbfb29345f92f50176f av_one_fifth  avia-builder-el-2  el_after_av_three_fifth  el_before_av_one_fifth  flex_column_div av-zero-column-padding  '     ><section  class='av_textblock_section av-2aqsaz-d2c330e2ebae3878eeb8ba31c6e2878f '   itemscope=\"itemscope\" itemtype=\"https:\/\/schema.org\/CreativeWork\" ><div class='avia_textblock'  itemprop=\"text\" ><p><img loading=\"lazy\" decoding=\"async\" class=\"alignnone size-full wp-image-15\" src=\"https:\/\/www.kagami.de\/shop\/wp-content\/uploads\/sites\/8\/2016\/06\/buch_cover.png\" alt=\"Buch KAGAMI Golf\" width=\"220\" height=\"284\" \/><\/p>\n<p><a href=\"https:\/\/www.kagami.de\/shop\/produkte\/\">KAGAMI Golf <strong>Buch<\/strong>, 35.000 Exemplare verkauft!!<\/a><\/p>\n<\/div><\/section><\/div>\n\n<style type=\"text\/css\" data-created_by=\"avia_inline_auto\" id=\"style-css-av-22eiw3-045e15fb505181ac2ba908ded6c131b7\">\n.flex_column.av-22eiw3-045e15fb505181ac2ba908ded6c131b7{\nborder-radius:0px 0px 0px 0px;\npadding:0px 0px 0px 0px;\n}\n<\/style>\n<div  class='flex_column av-22eiw3-045e15fb505181ac2ba908ded6c131b7 av_one_fifth  avia-builder-el-4  el_after_av_one_fifth  el_before_av_hr  flex_column_div av-zero-column-padding  '     ><style type=\"text\/css\" data-created_by=\"avia_inline_auto\" id=\"style-css-av-1xc8e3-91075effdf59f3d703be90ed3c2c3974\">\n#top .av_textblock_section.av-1xc8e3-91075effdf59f3d703be90ed3c2c3974 .avia_textblock{\nfont-size:16px;\n}\n<\/style>\n<section  class='av_textblock_section av-1xc8e3-91075effdf59f3d703be90ed3c2c3974 '   itemscope=\"itemscope\" itemtype=\"https:\/\/schema.org\/CreativeWork\" ><div class='avia_textblock'  itemprop=\"text\" ><p><img loading=\"lazy\" decoding=\"async\" class=\"alignnone wp-image-834 size-medium\" src=\"https:\/\/www.kagami.de\/shop\/wp-content\/uploads\/sites\/8\/2016\/02\/Putting-Zwerk-213x300.png\" alt=\"\" width=\"213\" height=\"300\" srcset=\"https:\/\/www.kagami.de\/shop\/wp-content\/uploads\/sites\/8\/2016\/02\/Putting-Zwerk-213x300.png 213w, https:\/\/www.kagami.de\/shop\/wp-content\/uploads\/sites\/8\/2016\/02\/Putting-Zwerk-450x634.png 450w, https:\/\/www.kagami.de\/shop\/wp-content\/uploads\/sites\/8\/2016\/02\/Putting-Zwerk.png 496w\" sizes=\"auto, (max-width: 213px) 100vw, 213px\" \/><\/p>\n<p><a href=\"https:\/\/www.kagami.de\/shop\/videos\/\">Neue KAGAMI Golf <strong>Videos<\/strong><\/a><a href=\"https:\/\/www.kagami.de\/shop\/videos\/\">\u00a0zum herunterladen oder Online anschauen<\/a><\/p>\n<\/div><\/section><\/div>\n\n<style type=\"text\/css\" data-created_by=\"avia_inline_auto\" id=\"style-css-av-1tgf7n-e48163e409045d5a001277c1e9729269\">\n#top .hr.av-1tgf7n-e48163e409045d5a001277c1e9729269{\nmargin-top:20px;\nmargin-bottom:30px;\n}\n.hr.av-1tgf7n-e48163e409045d5a001277c1e9729269 .hr-inner{\nwidth:100%;\n}\n<\/style>\n<div  class='hr av-1tgf7n-e48163e409045d5a001277c1e9729269 hr-custom  avia-builder-el-6  el_after_av_one_fifth  el_before_av_textblock  hr-center hr-icon-no'><span class='hr-inner inner-border-av-border-thin'><span class=\"hr-inner-style\"><\/span><\/span><\/div>\n<section  class='av_textblock_section av-1ic8kr-e6fb878d700cb5a0f8a643f51f5f2043 '   itemscope=\"itemscope\" itemtype=\"https:\/\/schema.org\/CreativeWork\" ><div class='avia_textblock'  itemprop=\"text\" ><h2>Mit Sabana Crowcroft zum Erfolg<\/h2>\n<h2><img loading=\"lazy\" decoding=\"async\" class=\"size-full wp-image-12 alignleft\" src=\"https:\/\/www.kagami.de\/shop\/wp-content\/uploads\/sites\/8\/2016\/06\/sabana_crowcroft.jpg\" alt=\"Sabana Crowcroft\" width=\"113\" height=\"136\" \/><\/h2>\n<p>Sabana Crowcroft, die Gr\u00fcnderin von KAGAMI, hat \u00fcber mehrere Jahrzehnte Erfahrung als Profigolfspielerin auf der Women&#8217;s PGA European Tour und Golfcoach. Sie ist seit rund 16 Jahren als Personal Coach und Management- und Leadership-Trainerin t\u00e4tig.<\/p>\n<p>Ihr einzigartiger Ansatz des Golfcoachings &#8211; ohne Anweisungen w\u00e4hrend des Schwungs &#8211; leitete einen Paradigmenwechsel in der Vermittlung des Golfspiels ein und findet seitdem immer gr\u00f6\u00dfere Verbreitung.<\/p>\n<\/div><\/section>\n\n<style type=\"text\/css\" data-created_by=\"avia_inline_auto\" id=\"style-css-av-1cbkf7-5e93568c632244caa3b0bf629d1b2796\">\n.flex_column.av-1cbkf7-5e93568c632244caa3b0bf629d1b2796{\nborder-radius:0px 0px 0px 0px;\npadding:0px 0px 0px 0px;\n}\n<\/style>\n<div  class='flex_column av-1cbkf7-5e93568c632244caa3b0bf629d1b2796 av_two_third  avia-builder-el-8  el_after_av_textblock  el_before_av_one_third  first flex_column_div av-zero-column-padding  column-top-margin'     ><section  class='av_textblock_section av-1amfsz-34a7e8df4982199cedc8345cbb011fe9 '   itemscope=\"itemscope\" itemtype=\"https:\/\/schema.org\/CreativeWork\" ><div class='avia_textblock'  itemprop=\"text\" ><h2>Die neue interaktive KAGAMI App<\/h2>\n<p>Erleben Sie den Erfolg der KAGAMI Methode mit dieser revolution\u00e4ren App.<\/p>\n<p>14 Videos erl\u00e4utern die einzigartigen KAGAMI \u00dcbungen, die Sie sofort auf der Driving Range und dem Golfplatz umsetzen k\u00f6nnen.<\/p>\n<p>Das Bewertungssystem erlaubt Ihnen, Ihre Fortschritte bei jeder \u00dcbung zu verfolgen.<\/p>\n<p><strong>Die App gibt es f\u00fcr iPad und iPhone im <a title=\"Golf Academy\" href=\"http:\/\/geni.us\/golfkagamigolfcom\" target=\"_blank\" rel=\"noopener noreferrer\">AppStore<\/a> und Android auf Deutsch und Englisch.<br \/>\n<\/strong><\/p>\n<p><span class=\"gruen\">Sparen Sie sich Trainingsfees!<\/span> Finden Sie Ihren einzigartigen, effektiven Golfschwung. Lernen Sie, sich w\u00e4hrend des Schwungs auf das JETZT zu fokussieren und Ihren Intellekt zu beruhigen. Testen Sie KOSTENLOS die App mit zwei Einf\u00fchrungsvideos.<\/p>\n<p>Die 14 besten KAGAMI \u00dcbungen mit Videos und interaktiven Trainingseinheiten k\u00f6nnen Sie f\u00fcr \u20ac 19,70 inklusive USt. runterladen.<\/p>\n<\/div><\/section><\/div>\n\n<style type=\"text\/css\" data-created_by=\"avia_inline_auto\" id=\"style-css-av-15h5a3-e3a2af51a322185ff437bcdcb76a2f23\">\n.flex_column.av-15h5a3-e3a2af51a322185ff437bcdcb76a2f23{\nborder-radius:0px 0px 0px 0px;\npadding:0px 0px 0px 0px;\n}\n<\/style>\n<div  class='flex_column av-15h5a3-e3a2af51a322185ff437bcdcb76a2f23 av_one_third  avia-builder-el-10  el_after_av_two_third  el_before_av_textblock  flex_column_div av-zero-column-padding  column-top-margin'     ><section  class='av_textblock_section av-vy2yz-c75bde2774dd6ed4de9e207c7eedec93 '   itemscope=\"itemscope\" itemtype=\"https:\/\/schema.org\/CreativeWork\" ><div class='avia_textblock'  itemprop=\"text\" ><p><a href=\"https:\/\/apps.apple.com\/de\/app\/kagami-golf\/id1224540578?l=en\" target=\"_blank\" rel=\"noopener\"><img loading=\"lazy\" decoding=\"async\" class=\"alignnone wp-image-747\" title=\"noopener noreferrer\" src=\"https:\/\/www.kagami.de\/shop\/wp-content\/uploads\/sites\/8\/2017\/12\/KAGAMI-App-06-2017_bearb_3-300x194.jpg\" alt=\"\" width=\"251\" height=\"162\" \/><\/a><\/p>\n<\/div><\/section><\/div><section  class='av_textblock_section av-qbatf-5a1cea38bc6fc55022e4f40658d857be '   itemscope=\"itemscope\" itemtype=\"https:\/\/schema.org\/CreativeWork\" ><div class='avia_textblock'  itemprop=\"text\" ><h2><strong>Feedback:<\/strong><\/h2>\n<p class=\"gruen\"><b>&#8222;Eine toll umgesetzte App. Besser geht es nicht. Mental Training auf hohem Niveau.<\/b>&#8220;<br \/>\nPGA Professional Robert Schmalfu\u00df.<\/p>\n<p class=\"gruen\"><b>&#8222;Faszinierend! Toll aufgemachte App! Die KAGAMI Methode ist wirklich etwas ganz Neues und hat mir jetzt schon auf dem Platz geholfen!&#8220;<\/b><br \/>\nM. Walden<\/p>\n<\/div><\/section><\/p>\n<section  class='av_textblock_section av-l3wob-bd2f609d08765c0b8c55a03f37220877 '   itemscope=\"itemscope\" itemtype=\"https:\/\/schema.org\/CreativeWork\" ><div class='avia_textblock'  itemprop=\"text\" ><div class=\"border_gradient_green\">\n<div class=\"green\">\n<div class=\"contents\">\n<h2>Einblicke in die DVD<\/h2>\n<div class=\"video first\"><span class=\"title\"><b>Einf\u00fchrung<\/b><\/span><\/div>\n<div class=\"video last\"><span class=\"title\"><b>Wie funktioniert KAGAMI<\/b><\/span><\/div>\n<\/div>\n<\/div>\n<\/div>\n<\/div><\/section>\n<section  class='av_textblock_section av-d0nc3-8df92d111a32d0b46c6025bedce4b6fc '   itemscope=\"itemscope\" itemtype=\"https:\/\/schema.org\/CreativeWork\" ><div class='avia_textblock'  itemprop=\"text\" ><h2><img loading=\"lazy\" decoding=\"async\" class=\"wp-image-554 alignright\" title=\"KAGAMI Golf Training DVD\" src=\"https:\/\/www.kagami.de\/shop\/wp-content\/uploads\/sites\/8\/2017\/04\/IMG_7684_transp_10x8cm_cmyk-300x243.jpg\" alt=\"\" width=\"190\" height=\"153\" srcset=\"https:\/\/www.kagami.de\/shop\/wp-content\/uploads\/sites\/8\/2017\/04\/IMG_7684_transp_10x8cm_cmyk-300x243.jpg 300w, https:\/\/www.kagami.de\/shop\/wp-content\/uploads\/sites\/8\/2017\/04\/IMG_7684_transp_10x8cm_cmyk-768x621.jpg 768w, https:\/\/www.kagami.de\/shop\/wp-content\/uploads\/sites\/8\/2017\/04\/IMG_7684_transp_10x8cm_cmyk-1030x833.jpg 1030w, https:\/\/www.kagami.de\/shop\/wp-content\/uploads\/sites\/8\/2017\/04\/IMG_7684_transp_10x8cm_cmyk-495x400.jpg 495w, https:\/\/www.kagami.de\/shop\/wp-content\/uploads\/sites\/8\/2017\/04\/IMG_7684_transp_10x8cm_cmyk-845x684.jpg 845w, https:\/\/www.kagami.de\/shop\/wp-content\/uploads\/sites\/8\/2017\/04\/IMG_7684_transp_10x8cm_cmyk-705x570.jpg 705w, https:\/\/www.kagami.de\/shop\/wp-content\/uploads\/sites\/8\/2017\/04\/IMG_7684_transp_10x8cm_cmyk-450x364.jpg 450w, https:\/\/www.kagami.de\/shop\/wp-content\/uploads\/sites\/8\/2017\/04\/IMG_7684_transp_10x8cm_cmyk.jpg 1181w\" sizes=\"auto, (max-width: 190px) 100vw, 190px\" \/>Die KAGAMI Golf Training DVD<\/h2>\n<p>Sie wollen Ihr Handicap verbessern? Ab jetzt geht das ganz einfach. Die 14 wichtigsten KAGAMI \u00dcbungen zu Ihrem Erfolg finden Sie ab sofort auf der KAGAMI Golf Training DVD.<\/p>\n<p>Es gibt acht KAGAMI \u00dcbungen f\u00fcr das lange Spiel, drei \u00dcbungen f\u00fcr das Ann\u00e4hrungsspiel, ein Putting und zwei Bunker \u00dcbungen.<\/p>\n<p>Als virtueller Coach macht Sabana Crowcroft die KAGAMI Methode f\u00fcr Sie jetzt jederzeit erlebbar &#8211; auf Deutsch und Englisch. Die DVD ist die Fortf\u00fchrung der Erfolgsgeschichte des KAGAMI Golf Buches. Diese DVD wird Ihr (Golf)Leben ver\u00e4ndern!<\/p>\n<p><em>&#8222;Die freundliche und positive Art von Sabana l\u00e4sst beim Zuschauen ganz schnell die Zuversicht entstehen. &#8218;Das kann ich auch.&#8216; Eine\u00a0 gelungene DVD f\u00fcr noch mehr Golf-Vergn\u00fcgen!&#8220; <\/em>Eva Seimer<\/p>\n<\/div><\/section>\n<section  class='av_textblock_section av-a9ay3-288ed64de2de8dcdf1a1faf58a7be542 '   itemscope=\"itemscope\" itemtype=\"https:\/\/schema.org\/CreativeWork\" ><div class='avia_textblock'  itemprop=\"text\" ><div class=\"border_gradient_green\">\n<div class=\"green\">\n<div class=\"contents\">\n<h2>Einblicke in die DVD<\/h2>\n<div class=\"video first\"><span class=\"title\"><b>Was macht das Tee<\/b><\/span><\/div>\n<div class=\"video last\"><span class=\"title\"><b>Mistk\u00e4fer<\/b><\/span><\/div>\n<\/div>\n<\/div>\n<\/div>\n<\/div><\/section>\n","protected":false},"excerpt":{"rendered":"","protected":false},"author":1,"featured_media":0,"parent":0,"menu_order":10,"comment_status":"closed","ping_status":"closed","template":"","meta":{"footnotes":""},"class_list":["post-251","page","type-page","status-publish","hentry"],"yoast_head":"<!-- This site is optimized with the Yoast SEO plugin v26.8 - https:\/\/yoast.com\/product\/yoast-seo-wordpress\/ -->\n<title>Home - KAGAMI Shop<\/title>\n<meta name=\"robots\" content=\"index, follow, max-snippet:-1, max-image-preview:large, max-video-preview:-1\" \/>\n<link rel=\"canonical\" href=\"https:\/\/www.kagami.de\/shop\/home\/\" \/>\n<meta property=\"og:locale\" content=\"de_DE\" \/>\n<meta property=\"og:type\" content=\"article\" \/>\n<meta property=\"og:title\" content=\"Home - KAGAMI Shop\" \/>\n<meta property=\"og:url\" content=\"https:\/\/www.kagami.de\/shop\/home\/\" \/>\n<meta property=\"og:site_name\" content=\"KAGAMI Shop\" \/>\n<meta property=\"article:publisher\" content=\"https:\/\/www.facebook.com\/groups\/994650780628865\" \/>\n<meta property=\"article:modified_time\" content=\"2023-06-29T15:28:42+00:00\" \/>\n<meta property=\"og:image\" content=\"https:\/\/www.kagami.de\/shop\/wp-content\/uploads\/sites\/8\/2016\/06\/buch_cover.png\" \/>\n<meta name=\"twitter:card\" content=\"summary_large_image\" \/>\n<meta name=\"twitter:label1\" content=\"Gesch\u00e4tzte Lesezeit\" \/>\n\t<meta name=\"twitter:data1\" content=\"5\u00a0Minuten\" \/>\n<script type=\"application\/ld+json\" class=\"yoast-schema-graph\">{\"@context\":\"https:\/\/schema.org\",\"@graph\":[{\"@type\":\"WebPage\",\"@id\":\"https:\/\/www.kagami.de\/shop\/home\/\",\"url\":\"https:\/\/www.kagami.de\/shop\/home\/\",\"name\":\"Home - KAGAMI Shop\",\"isPartOf\":{\"@id\":\"https:\/\/www.kagami.de\/shop\/#website\"},\"primaryImageOfPage\":{\"@id\":\"https:\/\/www.kagami.de\/shop\/home\/#primaryimage\"},\"image\":{\"@id\":\"https:\/\/www.kagami.de\/shop\/home\/#primaryimage\"},\"thumbnailUrl\":\"https:\/\/www.kagami.de\/shop\/wp-content\/uploads\/sites\/8\/2016\/06\/buch_cover.png\",\"datePublished\":\"2016-02-01T09:15:27+00:00\",\"dateModified\":\"2023-06-29T15:28:42+00:00\",\"breadcrumb\":{\"@id\":\"https:\/\/www.kagami.de\/shop\/home\/#breadcrumb\"},\"inLanguage\":\"de\",\"potentialAction\":[{\"@type\":\"ReadAction\",\"target\":[\"https:\/\/www.kagami.de\/shop\/home\/\"]}]},{\"@type\":\"ImageObject\",\"inLanguage\":\"de\",\"@id\":\"https:\/\/www.kagami.de\/shop\/home\/#primaryimage\",\"url\":\"https:\/\/www.kagami.de\/shop\/wp-content\/uploads\/sites\/8\/2016\/06\/buch_cover.png\",\"contentUrl\":\"https:\/\/www.kagami.de\/shop\/wp-content\/uploads\/sites\/8\/2016\/06\/buch_cover.png\",\"width\":220,\"height\":284,\"caption\":\"Buch KAGAMI Golf\"},{\"@type\":\"BreadcrumbList\",\"@id\":\"https:\/\/www.kagami.de\/shop\/home\/#breadcrumb\",\"itemListElement\":[{\"@type\":\"ListItem\",\"position\":1,\"name\":\"Home\",\"item\":\"https:\/\/www.kagami.de\/shop\/home\/\"},{\"@type\":\"ListItem\",\"position\":2,\"name\":\"Home\"}]},{\"@type\":\"WebSite\",\"@id\":\"https:\/\/www.kagami.de\/shop\/#website\",\"url\":\"https:\/\/www.kagami.de\/shop\/\",\"name\":\"KAGAMI Shop\",\"description\":\"KAGAMI Shop\",\"publisher\":{\"@id\":\"https:\/\/www.kagami.de\/shop\/#organization\"},\"potentialAction\":[{\"@type\":\"SearchAction\",\"target\":{\"@type\":\"EntryPoint\",\"urlTemplate\":\"https:\/\/www.kagami.de\/shop\/?s={search_term_string}\"},\"query-input\":{\"@type\":\"PropertyValueSpecification\",\"valueRequired\":true,\"valueName\":\"search_term_string\"}}],\"inLanguage\":\"de\"},{\"@type\":\"Organization\",\"@id\":\"https:\/\/www.kagami.de\/shop\/#organization\",\"name\":\"KAGAMI Golf - Shop & Leadership Academies\",\"url\":\"https:\/\/www.kagami.de\/shop\/\",\"logo\":{\"@type\":\"ImageObject\",\"inLanguage\":\"de\",\"@id\":\"https:\/\/www.kagami.de\/shop\/#\/schema\/logo\/image\/\",\"url\":\"https:\/\/www.kagami.de\/shop\/wp-content\/uploads\/sites\/8\/2016\/06\/logo_kagami_golf_shop.jpg\",\"contentUrl\":\"https:\/\/www.kagami.de\/shop\/wp-content\/uploads\/sites\/8\/2016\/06\/logo_kagami_golf_shop.jpg\",\"width\":390,\"height\":122,\"caption\":\"KAGAMI Golf - Shop & Leadership Academies\"},\"image\":{\"@id\":\"https:\/\/www.kagami.de\/shop\/#\/schema\/logo\/image\/\"},\"sameAs\":[\"https:\/\/www.facebook.com\/groups\/994650780628865\"]}]}<\/script>\n<!-- \/ Yoast SEO plugin. -->","yoast_head_json":{"title":"Home - KAGAMI Shop","robots":{"index":"index","follow":"follow","max-snippet":"max-snippet:-1","max-image-preview":"max-image-preview:large","max-video-preview":"max-video-preview:-1"},"canonical":"https:\/\/www.kagami.de\/shop\/home\/","og_locale":"de_DE","og_type":"article","og_title":"Home - KAGAMI Shop","og_url":"https:\/\/www.kagami.de\/shop\/home\/","og_site_name":"KAGAMI Shop","article_publisher":"https:\/\/www.facebook.com\/groups\/994650780628865","article_modified_time":"2023-06-29T15:28:42+00:00","og_image":[{"url":"https:\/\/www.kagami.de\/shop\/wp-content\/uploads\/sites\/8\/2016\/06\/buch_cover.png","type":"","width":"","height":""}],"twitter_card":"summary_large_image","twitter_misc":{"Gesch\u00e4tzte Lesezeit":"5\u00a0Minuten"},"schema":{"@context":"https:\/\/schema.org","@graph":[{"@type":"WebPage","@id":"https:\/\/www.kagami.de\/shop\/home\/","url":"https:\/\/www.kagami.de\/shop\/home\/","name":"Home - KAGAMI Shop","isPartOf":{"@id":"https:\/\/www.kagami.de\/shop\/#website"},"primaryImageOfPage":{"@id":"https:\/\/www.kagami.de\/shop\/home\/#primaryimage"},"image":{"@id":"https:\/\/www.kagami.de\/shop\/home\/#primaryimage"},"thumbnailUrl":"https:\/\/www.kagami.de\/shop\/wp-content\/uploads\/sites\/8\/2016\/06\/buch_cover.png","datePublished":"2016-02-01T09:15:27+00:00","dateModified":"2023-06-29T15:28:42+00:00","breadcrumb":{"@id":"https:\/\/www.kagami.de\/shop\/home\/#breadcrumb"},"inLanguage":"de","potentialAction":[{"@type":"ReadAction","target":["https:\/\/www.kagami.de\/shop\/home\/"]}]},{"@type":"ImageObject","inLanguage":"de","@id":"https:\/\/www.kagami.de\/shop\/home\/#primaryimage","url":"https:\/\/www.kagami.de\/shop\/wp-content\/uploads\/sites\/8\/2016\/06\/buch_cover.png","contentUrl":"https:\/\/www.kagami.de\/shop\/wp-content\/uploads\/sites\/8\/2016\/06\/buch_cover.png","width":220,"height":284,"caption":"Buch KAGAMI Golf"},{"@type":"BreadcrumbList","@id":"https:\/\/www.kagami.de\/shop\/home\/#breadcrumb","itemListElement":[{"@type":"ListItem","position":1,"name":"Home","item":"https:\/\/www.kagami.de\/shop\/home\/"},{"@type":"ListItem","position":2,"name":"Home"}]},{"@type":"WebSite","@id":"https:\/\/www.kagami.de\/shop\/#website","url":"https:\/\/www.kagami.de\/shop\/","name":"KAGAMI Shop","description":"KAGAMI Shop","publisher":{"@id":"https:\/\/www.kagami.de\/shop\/#organization"},"potentialAction":[{"@type":"SearchAction","target":{"@type":"EntryPoint","urlTemplate":"https:\/\/www.kagami.de\/shop\/?s={search_term_string}"},"query-input":{"@type":"PropertyValueSpecification","valueRequired":true,"valueName":"search_term_string"}}],"inLanguage":"de"},{"@type":"Organization","@id":"https:\/\/www.kagami.de\/shop\/#organization","name":"KAGAMI Golf - Shop & Leadership Academies","url":"https:\/\/www.kagami.de\/shop\/","logo":{"@type":"ImageObject","inLanguage":"de","@id":"https:\/\/www.kagami.de\/shop\/#\/schema\/logo\/image\/","url":"https:\/\/www.kagami.de\/shop\/wp-content\/uploads\/sites\/8\/2016\/06\/logo_kagami_golf_shop.jpg","contentUrl":"https:\/\/www.kagami.de\/shop\/wp-content\/uploads\/sites\/8\/2016\/06\/logo_kagami_golf_shop.jpg","width":390,"height":122,"caption":"KAGAMI Golf - Shop & Leadership Academies"},"image":{"@id":"https:\/\/www.kagami.de\/shop\/#\/schema\/logo\/image\/"},"sameAs":["https:\/\/www.facebook.com\/groups\/994650780628865"]}]}},"_links":{"self":[{"href":"https:\/\/www.kagami.de\/shop\/wp-json\/wp\/v2\/pages\/251","targetHints":{"allow":["GET"]}}],"collection":[{"href":"https:\/\/www.kagami.de\/shop\/wp-json\/wp\/v2\/pages"}],"about":[{"href":"https:\/\/www.kagami.de\/shop\/wp-json\/wp\/v2\/types\/page"}],"author":[{"embeddable":true,"href":"https:\/\/www.kagami.de\/shop\/wp-json\/wp\/v2\/users\/1"}],"replies":[{"embeddable":true,"href":"https:\/\/www.kagami.de\/shop\/wp-json\/wp\/v2\/comments?post=251"}],"version-history":[{"count":49,"href":"https:\/\/www.kagami.de\/shop\/wp-json\/wp\/v2\/pages\/251\/revisions"}],"predecessor-version":[{"id":38338,"href":"https:\/\/www.kagami.de\/shop\/wp-json\/wp\/v2\/pages\/251\/revisions\/38338"}],"wp:attachment":[{"href":"https:\/\/www.kagami.de\/shop\/wp-json\/wp\/v2\/media?parent=251"}],"curies":[{"name":"wp","href":"https:\/\/api.w.org\/{rel}","templated":true}]}}